{"id":37795,"date":"2020-07-02T06:12:28","date_gmt":"2020-07-02T04:12:28","guid":{"rendered":"https:\/\/dev.web-graphique.fr\/hotel-paris-gambetta\/?page_id=37795"},"modified":"2023-04-08T00:51:43","modified_gmt":"2023-04-07T22:51:43","slug":"galeria","status":"publish","type":"page","link":"https:\/\/www.hotelparisgambetta.com\/es\/galeria\/","title":{"rendered":"Galer\u00eda"},"content":{"rendered":"<section class=\"wpb-content-wrapper\"><p>[vc_row][vc_column]\t\t\t\t\t\t\t<div class=\"portfolio-block filter-block portfolio-5efd79fe55ca7 popup-gallery gap-on portfolio-type-masonry with-filter\">\n\t\t\t\t\t\t\t\t\t\t\t<div class=\"filter-buttons tal style1\">\n\t\t\t\t\t\t\t<div class=\"wrap\">\n\t\t\t\t\t\t\t\t<button class=\"button current\" data-filter=\"*\" data-magic-cursor=\"link-small\">\n\t\t\t\t\t\t\t\t\t<span>Tous<\/span>\n\t\t\t\t\t\t\t\t<\/button>\n\t\t\t\t\t\t\t\t\t\t\t\t\t\t\t\t\t<button class=\"button\" data-filter=\".category-158\" data-magic-cursor=\"link-small\">\n\t\t\t\t\t\t\t\t\t\t<span>Fachada<\/span>\n\t\t\t\t\t\t\t\t\t<\/button>\n\t\t\t\t\t\t\t\t\t\t\t\t\t\t\t\t\t<button class=\"button\" data-filter=\".category-140\" data-magic-cursor=\"link-small\">\n\t\t\t\t\t\t\t\t\t\t<span>Habitaciones<\/span>\n\t\t\t\t\t\t\t\t\t<\/button>\n\t\t\t\t\t\t\t\t\t\t\t\t\t\t\t\t\t<button class=\"button\" data-filter=\".category-160\" data-magic-cursor=\"link-small\">\n\t\t\t\t\t\t\t\t\t\t<span>Recepci\u00f3n<\/span>\n\t\t\t\t\t\t\t\t\t<\/button>\n\t\t\t\t\t\t\t\t\t\t\t\t\t\t\t\t\t<button class=\"button\" data-filter=\".category-309\" data-magic-cursor=\"link-small\">\n\t\t\t\t\t\t\t\t\t\t<span>Sala de reuni\u00f3n<\/span>\n\t\t\t\t\t\t\t\t\t<\/button>\n\t\t\t\t\t\t\t\t\t\t\t\t\t\t\t<\/div>\n\t\t\t\t\t\t<\/div>\n\t\t\t\t\t\n\t\t\t\t\t<div class=\"load-wrap row isotope\">\n\t\t\t\t\t\t<div class=\"grid-sizer col-1\"><\/div>\n\t\t\t\t\t\t\t\t<article class=\"portfolio-item category-140 popup-item masonry  col-12 col-sm-6 col-md-4 istp-item\">\n\t\t\t<div class=\"wrap\">\n\t\t\t\t\t\t\t\t<div class=\"icon base-icon-plus\"><\/div>\n\t\t\t\t\t\t\t\t\t<img loading=\"lazy\" decoding=\"async\" width=\"1024\" height=\"1024\" src=\"https:\/\/www.hotelparisgambetta.com\/wp-content\/uploads\/2019\/12\/photo1IMG_1610-1-1024x1024.jpg\" class=\"attachment-large size-large\" alt=\"\" srcset=\"https:\/\/www.hotelparisgambetta.com\/wp-content\/uploads\/2019\/12\/photo1IMG_1610-1-1024x1024.jpg 1024w, https:\/\/www.hotelparisgambetta.com\/wp-content\/uploads\/2019\/12\/photo1IMG_1610-1-300x300.jpg 300w, https:\/\/www.hotelparisgambetta.com\/wp-content\/uploads\/2019\/12\/photo1IMG_1610-1-150x150.jpg 150w, https:\/\/www.hotelparisgambetta.com\/wp-content\/uploads\/2019\/12\/photo1IMG_1610-1-768x768.jpg 768w, https:\/\/www.hotelparisgambetta.com\/wp-content\/uploads\/2019\/12\/photo1IMG_1610-1-1536x1536.jpg 1536w, https:\/\/www.hotelparisgambetta.com\/wp-content\/uploads\/2019\/12\/photo1IMG_1610-1-2048x2048.jpg 2048w, https:\/\/www.hotelparisgambetta.com\/wp-content\/uploads\/2019\/12\/photo1IMG_1610-1-70x70.jpg 70w\" sizes=\"auto, (max-width: 1024px) 100vw, 1024px\" \/>\t\t\t\t\t\t\t\t<div class=\"content\">\n\t\t\t\t\t<h6 class=\"title\">Habitaci\u00f3n cu\u00e1druple<\/h6>\n\t\t\t\t<\/div>\n\t\t\t\t<a href=\"https:\/\/www.hotelparisgambetta.com\/wp-content\/uploads\/2019\/12\/photo1IMG_1610-1-scaled.jpg\" class=\"link\" data-size=\"2560x2560\" data-magic-cursor=\"link-w-text\" data-magic-cursor-text=\"View\" data-id=\"1\"><\/a>\t\t\t<\/div>\n\t\t<\/article>\n\t\t\t\t<article class=\"portfolio-item category-140 popup-item masonry  col-12 col-sm-6 col-md-4 istp-item\">\n\t\t\t<div class=\"wrap\">\n\t\t\t\t\t\t\t\t<div class=\"icon base-icon-plus\"><\/div>\n\t\t\t\t\t\t\t\t\t<img loading=\"lazy\" decoding=\"async\" width=\"1024\" height=\"1024\" src=\"https:\/\/www.hotelparisgambetta.com\/wp-content\/uploads\/2019\/12\/CHAMBRE-TRIPLE-3-1024x1024.jpg\" class=\"attachment-large size-large\" alt=\"\" srcset=\"https:\/\/www.hotelparisgambetta.com\/wp-content\/uploads\/2019\/12\/CHAMBRE-TRIPLE-3-1024x1024.jpg 1024w, https:\/\/www.hotelparisgambetta.com\/wp-content\/uploads\/2019\/12\/CHAMBRE-TRIPLE-3-300x300.jpg 300w, https:\/\/www.hotelparisgambetta.com\/wp-content\/uploads\/2019\/12\/CHAMBRE-TRIPLE-3-150x150.jpg 150w, https:\/\/www.hotelparisgambetta.com\/wp-content\/uploads\/2019\/12\/CHAMBRE-TRIPLE-3-768x768.jpg 768w, https:\/\/www.hotelparisgambetta.com\/wp-content\/uploads\/2019\/12\/CHAMBRE-TRIPLE-3-1536x1536.jpg 1536w, https:\/\/www.hotelparisgambetta.com\/wp-content\/uploads\/2019\/12\/CHAMBRE-TRIPLE-3-2048x2048.jpg 2048w, https:\/\/www.hotelparisgambetta.com\/wp-content\/uploads\/2019\/12\/CHAMBRE-TRIPLE-3-70x70.jpg 70w\" sizes=\"auto, (max-width: 1024px) 100vw, 1024px\" \/>\t\t\t\t\t\t\t\t<div class=\"content\">\n\t\t\t\t\t<h6 class=\"title\">Habitaci\u00f3n triple<\/h6>\n\t\t\t\t<\/div>\n\t\t\t\t<a href=\"https:\/\/www.hotelparisgambetta.com\/wp-content\/uploads\/2019\/12\/CHAMBRE-TRIPLE-3-scaled.jpg\" class=\"link\" data-size=\"2560x2560\" data-magic-cursor=\"link-w-text\" data-magic-cursor-text=\"View\" data-id=\"2\"><\/a>\t\t\t<\/div>\n\t\t<\/article>\n\t\t\t\t<article class=\"portfolio-item category-158 popup-item masonry  col-12 col-sm-6 col-md-4 istp-item\">\n\t\t\t<div class=\"wrap\">\n\t\t\t\t\t\t\t\t<div class=\"icon base-icon-plus\"><\/div>\n\t\t\t\t\t\t\t\t\t<img loading=\"lazy\" decoding=\"async\" width=\"1024\" height=\"576\" src=\"https:\/\/www.hotelparisgambetta.com\/wp-content\/uploads\/2023\/02\/bh-titre-1024x576.jpg\" class=\"attachment-large size-large\" alt=\"\" srcset=\"https:\/\/www.hotelparisgambetta.com\/wp-content\/uploads\/2023\/02\/bh-titre-1024x576.jpg 1024w, https:\/\/www.hotelparisgambetta.com\/wp-content\/uploads\/2023\/02\/bh-titre-300x169.jpg 300w, https:\/\/www.hotelparisgambetta.com\/wp-content\/uploads\/2023\/02\/bh-titre-768x432.jpg 768w, https:\/\/www.hotelparisgambetta.com\/wp-content\/uploads\/2023\/02\/bh-titre-1536x864.jpg 1536w, https:\/\/www.hotelparisgambetta.com\/wp-content\/uploads\/2023\/02\/bh-titre-2048x1152.jpg 2048w, https:\/\/www.hotelparisgambetta.com\/wp-content\/uploads\/2023\/02\/bh-titre-70x39.jpg 70w\" sizes=\"auto, (max-width: 1024px) 100vw, 1024px\" \/>\t\t\t\t\t\t\t\t<div class=\"content\">\n\t\t\t\t\t<h6 class=\"title\">Fachada Hotel<\/h6>\n\t\t\t\t<\/div>\n\t\t\t\t<a href=\"https:\/\/www.hotelparisgambetta.com\/wp-content\/uploads\/2023\/02\/bh-titre-scaled.jpg\" class=\"link\" data-size=\"2560x1440\" data-magic-cursor=\"link-w-text\" data-magic-cursor-text=\"View\" data-id=\"3\"><\/a>\t\t\t<\/div>\n\t\t<\/article>\n\t\t\t\t<article class=\"portfolio-item category-160 popup-item masonry  col-12 col-sm-6 col-md-4 istp-item\">\n\t\t\t<div class=\"wrap\">\n\t\t\t\t\t\t\t\t<div class=\"icon base-icon-plus\"><\/div>\n\t\t\t\t\t\t\t\t\t<img loading=\"lazy\" decoding=\"async\" width=\"1024\" height=\"1024\" src=\"https:\/\/www.hotelparisgambetta.com\/wp-content\/uploads\/2023\/02\/WhatsApp-Image-2023-02-06-at-16.23.44-1024x1024.jpeg\" class=\"attachment-large size-large\" alt=\"\" srcset=\"https:\/\/www.hotelparisgambetta.com\/wp-content\/uploads\/2023\/02\/WhatsApp-Image-2023-02-06-at-16.23.44-1024x1024.jpeg 1024w, https:\/\/www.hotelparisgambetta.com\/wp-content\/uploads\/2023\/02\/WhatsApp-Image-2023-02-06-at-16.23.44-300x300.jpeg 300w, https:\/\/www.hotelparisgambetta.com\/wp-content\/uploads\/2023\/02\/WhatsApp-Image-2023-02-06-at-16.23.44-150x150.jpeg 150w, https:\/\/www.hotelparisgambetta.com\/wp-content\/uploads\/2023\/02\/WhatsApp-Image-2023-02-06-at-16.23.44-768x768.jpeg 768w, https:\/\/www.hotelparisgambetta.com\/wp-content\/uploads\/2023\/02\/WhatsApp-Image-2023-02-06-at-16.23.44-1536x1536.jpeg 1536w, https:\/\/www.hotelparisgambetta.com\/wp-content\/uploads\/2023\/02\/WhatsApp-Image-2023-02-06-at-16.23.44-70x70.jpeg 70w, https:\/\/www.hotelparisgambetta.com\/wp-content\/uploads\/2023\/02\/WhatsApp-Image-2023-02-06-at-16.23.44.jpeg 1600w\" sizes=\"auto, (max-width: 1024px) 100vw, 1024px\" \/>\t\t\t\t\t\t\t\t<div class=\"content\">\n\t\t\t\t\t<h6 class=\"title\">Recepci\u00f3n<\/h6>\n\t\t\t\t<\/div>\n\t\t\t\t<a href=\"https:\/\/www.hotelparisgambetta.com\/wp-content\/uploads\/2023\/02\/WhatsApp-Image-2023-02-06-at-16.23.44.jpeg\" class=\"link\" data-size=\"1600x1600\" data-magic-cursor=\"link-w-text\" data-magic-cursor-text=\"View\" data-id=\"4\"><\/a>\t\t\t<\/div>\n\t\t<\/article>\n\t\t\t\t<article class=\"portfolio-item category-160 popup-item masonry  col-12 col-sm-6 col-md-4 istp-item\">\n\t\t\t<div class=\"wrap\">\n\t\t\t\t\t\t\t\t<div class=\"icon base-icon-plus\"><\/div>\n\t\t\t\t\t\t\t\t\t<img loading=\"lazy\" decoding=\"async\" width=\"1024\" height=\"860\" src=\"https:\/\/www.hotelparisgambetta.com\/wp-content\/uploads\/2023\/02\/WhatsApp-Image-2023-02-06-at-16.23.25-1024x860.jpeg\" class=\"attachment-large size-large\" alt=\"\" srcset=\"https:\/\/www.hotelparisgambetta.com\/wp-content\/uploads\/2023\/02\/WhatsApp-Image-2023-02-06-at-16.23.25-1024x860.jpeg 1024w, https:\/\/www.hotelparisgambetta.com\/wp-content\/uploads\/2023\/02\/WhatsApp-Image-2023-02-06-at-16.23.25-300x252.jpeg 300w, https:\/\/www.hotelparisgambetta.com\/wp-content\/uploads\/2023\/02\/WhatsApp-Image-2023-02-06-at-16.23.25-768x645.jpeg 768w, https:\/\/www.hotelparisgambetta.com\/wp-content\/uploads\/2023\/02\/WhatsApp-Image-2023-02-06-at-16.23.25-1536x1290.jpeg 1536w, https:\/\/www.hotelparisgambetta.com\/wp-content\/uploads\/2023\/02\/WhatsApp-Image-2023-02-06-at-16.23.25-70x59.jpeg 70w, https:\/\/www.hotelparisgambetta.com\/wp-content\/uploads\/2023\/02\/WhatsApp-Image-2023-02-06-at-16.23.25.jpeg 1600w\" sizes=\"auto, (max-width: 1024px) 100vw, 1024px\" \/>\t\t\t\t\t\t\t\t<div class=\"content\">\n\t\t\t\t\t<h6 class=\"title\">Recepci\u00f3n<\/h6>\n\t\t\t\t<\/div>\n\t\t\t\t<a href=\"https:\/\/www.hotelparisgambetta.com\/wp-content\/uploads\/2023\/02\/WhatsApp-Image-2023-02-06-at-16.23.25.jpeg\" class=\"link\" data-size=\"1600x1344\" data-magic-cursor=\"link-w-text\" data-magic-cursor-text=\"View\" data-id=\"5\"><\/a>\t\t\t<\/div>\n\t\t<\/article>\n\t\t\t\t<article class=\"portfolio-item category-160 popup-item masonry  col-12 col-sm-6 col-md-4 istp-item\">\n\t\t\t<div class=\"wrap\">\n\t\t\t\t\t\t\t\t<div class=\"icon base-icon-plus\"><\/div>\n\t\t\t\t\t\t\t\t\t<img loading=\"lazy\" decoding=\"async\" width=\"1024\" height=\"254\" src=\"https:\/\/www.hotelparisgambetta.com\/wp-content\/uploads\/2023\/02\/WhatsApp-Image-2023-02-06-at-10.17.27.jpeg\" class=\"attachment-large size-large\" alt=\"\" srcset=\"https:\/\/www.hotelparisgambetta.com\/wp-content\/uploads\/2023\/02\/WhatsApp-Image-2023-02-06-at-10.17.27.jpeg 1024w, https:\/\/www.hotelparisgambetta.com\/wp-content\/uploads\/2023\/02\/WhatsApp-Image-2023-02-06-at-10.17.27-300x74.jpeg 300w, https:\/\/www.hotelparisgambetta.com\/wp-content\/uploads\/2023\/02\/WhatsApp-Image-2023-02-06-at-10.17.27-768x191.jpeg 768w, https:\/\/www.hotelparisgambetta.com\/wp-content\/uploads\/2023\/02\/WhatsApp-Image-2023-02-06-at-10.17.27-70x17.jpeg 70w\" sizes=\"auto, (max-width: 1024px) 100vw, 1024px\" \/>\t\t\t\t\t\t\t\t<div class=\"content\">\n\t\t\t\t\t<h6 class=\"title\">Recepci\u00f3n<\/h6>\n\t\t\t\t<\/div>\n\t\t\t\t<a href=\"https:\/\/www.hotelparisgambetta.com\/wp-content\/uploads\/2023\/02\/WhatsApp-Image-2023-02-06-at-10.17.27.jpeg\" class=\"link\" data-size=\"1024x254\" data-magic-cursor=\"link-w-text\" data-magic-cursor-text=\"View\" data-id=\"6\"><\/a>\t\t\t<\/div>\n\t\t<\/article>\n\t\t\t\t<article class=\"portfolio-item category-160 popup-item masonry  col-12 col-sm-6 col-md-4 istp-item\">\n\t\t\t<div class=\"wrap\">\n\t\t\t\t\t\t\t\t<div class=\"icon base-icon-plus\"><\/div>\n\t\t\t\t\t\t\t\t\t<img loading=\"lazy\" decoding=\"async\" width=\"1024\" height=\"780\" src=\"https:\/\/www.hotelparisgambetta.com\/wp-content\/uploads\/2023\/02\/bg-serv.jpeg\" class=\"attachment-large size-large\" alt=\"\" srcset=\"https:\/\/www.hotelparisgambetta.com\/wp-content\/uploads\/2023\/02\/bg-serv.jpeg 1024w, https:\/\/www.hotelparisgambetta.com\/wp-content\/uploads\/2023\/02\/bg-serv-300x229.jpeg 300w, https:\/\/www.hotelparisgambetta.com\/wp-content\/uploads\/2023\/02\/bg-serv-768x585.jpeg 768w, https:\/\/www.hotelparisgambetta.com\/wp-content\/uploads\/2023\/02\/bg-serv-70x53.jpeg 70w\" sizes=\"auto, (max-width: 1024px) 100vw, 1024px\" \/>\t\t\t\t\t\t\t\t<div class=\"content\">\n\t\t\t\t\t<h6 class=\"title\">Recepci\u00f3n<\/h6>\n\t\t\t\t<\/div>\n\t\t\t\t<a href=\"https:\/\/www.hotelparisgambetta.com\/wp-content\/uploads\/2023\/02\/bg-serv.jpeg\" class=\"link\" data-size=\"1024x780\" data-magic-cursor=\"link-w-text\" data-magic-cursor-text=\"View\" data-id=\"7\"><\/a>\t\t\t<\/div>\n\t\t<\/article>\n\t\t\t\t<article class=\"portfolio-item category-140 popup-item masonry  col-12 col-sm-6 col-md-4 istp-item\">\n\t\t\t<div class=\"wrap\">\n\t\t\t\t\t\t\t\t<div class=\"icon base-icon-plus\"><\/div>\n\t\t\t\t\t\t\t\t\t<img loading=\"lazy\" decoding=\"async\" width=\"965\" height=\"742\" src=\"https:\/\/www.hotelparisgambetta.com\/wp-content\/uploads\/2023\/02\/bg-transport.jpg\" class=\"attachment-large size-large\" alt=\"\" srcset=\"https:\/\/www.hotelparisgambetta.com\/wp-content\/uploads\/2023\/02\/bg-transport.jpg 965w, https:\/\/www.hotelparisgambetta.com\/wp-content\/uploads\/2023\/02\/bg-transport-300x231.jpg 300w, https:\/\/www.hotelparisgambetta.com\/wp-content\/uploads\/2023\/02\/bg-transport-768x591.jpg 768w, https:\/\/www.hotelparisgambetta.com\/wp-content\/uploads\/2023\/02\/bg-transport-70x54.jpg 70w\" sizes=\"auto, (max-width: 965px) 100vw, 965px\" \/>\t\t\t\t\t\t\t\t<div class=\"content\">\n\t\t\t\t\t<h6 class=\"title\">Cocina del estudio superior<\/h6>\n\t\t\t\t<\/div>\n\t\t\t\t<a href=\"https:\/\/www.hotelparisgambetta.com\/wp-content\/uploads\/2023\/02\/bg-transport.jpg\" class=\"link\" data-size=\"965x742\" data-magic-cursor=\"link-w-text\" data-magic-cursor-text=\"View\" data-id=\"8\"><\/a>\t\t\t<\/div>\n\t\t<\/article>\n\t\t\t\t<article class=\"portfolio-item category-140 popup-item masonry  col-12 col-sm-6 col-md-4 istp-item\">\n\t\t\t<div class=\"wrap\">\n\t\t\t\t\t\t\t\t<div class=\"icon base-icon-plus\"><\/div>\n\t\t\t\t\t\t\t\t\t<img loading=\"lazy\" decoding=\"async\" width=\"768\" height=\"1024\" src=\"https:\/\/www.hotelparisgambetta.com\/wp-content\/uploads\/2019\/12\/296082792.jpeg\" class=\"attachment-large size-large\" alt=\"\" srcset=\"https:\/\/www.hotelparisgambetta.com\/wp-content\/uploads\/2019\/12\/296082792.jpeg 768w, https:\/\/www.hotelparisgambetta.com\/wp-content\/uploads\/2019\/12\/296082792-225x300.jpeg 225w, https:\/\/www.hotelparisgambetta.com\/wp-content\/uploads\/2019\/12\/296082792-53x70.jpeg 53w\" sizes=\"auto, (max-width: 768px) 100vw, 768px\" \/>\t\t\t\t\t\t\t\t<div class=\"content\">\n\t\t\t\t\t<h6 class=\"title\">Habitaci\u00f3n<\/h6>\n\t\t\t\t<\/div>\n\t\t\t\t<a href=\"https:\/\/www.hotelparisgambetta.com\/wp-content\/uploads\/2019\/12\/296082792.jpeg\" class=\"link\" data-size=\"768x1024\" data-magic-cursor=\"link-w-text\" data-magic-cursor-text=\"View\" data-id=\"9\"><\/a>\t\t\t<\/div>\n\t\t<\/article>\n\t\t\t\t\t\t\t<\/div>\n\n\t\t\t\t\t\t\t\t\t\t\t<div class=\"loadmore-button-block tac\">\n\t\t\t\t\t\t\t<a class=\"loadmore-button button-style1\" data-type=\"masonry\" data-action=\"portfolio\" data-array=\"[{&quot;id&quot;:12161,&quot;cat&quot;:[140]},{&quot;id&quot;:12169,&quot;cat&quot;:[140]},{&quot;id&quot;:12175,&quot;cat&quot;:[140]},{&quot;id&quot;:12181,&quot;cat&quot;:[140]},{&quot;id&quot;:12187,&quot;cat&quot;:[140]},{&quot;id&quot;:12193,&quot;cat&quot;:[140]},{&quot;id&quot;:12199,&quot;cat&quot;:[160]},{&quot;id&quot;:38010,&quot;cat&quot;:[308,309,76]},{&quot;id&quot;:38016,&quot;cat&quot;:[308,309,76]}] \" data-count=\"9\" data-atts=\"{&quot;uniqid&quot;:&quot;5efd79fe55ca7&quot;,&quot;count_items&quot;:&quot;9&quot;,&quot;type&quot;:&quot;masonry&quot;,&quot;carousel_style&quot;:&quot;style1&quot;,&quot;packery_style&quot;:&quot;type1&quot;,&quot;cols&quot;:&quot;xs:1,sm:2,md:3,&quot;,&quot;gap&quot;:&quot;on&quot;,&quot;filter_buttons&quot;:&quot;on&quot;,&quot;filter_buttons_style&quot;:&quot;style1&quot;,&quot;filter_buttons_align&quot;:&quot;tal&quot;,&quot;navigation&quot;:&quot;load_more&quot;,&quot;navigation_button_style&quot;:&quot;style1&quot;,&quot;popup_mode&quot;:&quot;on&quot;,&quot;thumb_size&quot;:&quot;large&quot;,&quot;hover&quot;:&quot;default&quot;,&quot;css_animation&quot;:&quot;&quot;,&quot;slider_loop&quot;:&quot;on&quot;,&quot;slider_autoplay&quot;:&quot;on&quot;,&quot;slider_autoplay_timeout&quot;:&quot;5000&quot;,&quot;slider_arrows&quot;:&quot;on&quot;,&quot;navigation_arrows_color&quot;:&quot;&quot;,&quot;navigation_arrows_color_hover&quot;:&quot;&quot;,&quot;slider_counter&quot;:&quot;on&quot;,&quot;orderby&quot;:&quot;post__in&quot;,&quot;order&quot;:&quot;ASC&quot;,&quot;source&quot;:&quot;categories&quot;,&quot;items&quot;:&quot;&quot;,&quot;categories&quot;:&quot;140,160,158,309&quot;,&quot;css&quot;:&quot;{}&quot;}\" data-magic-cursor=\"link\">\n\t\t\t\t\t\t\t\t<span>\n\t\t\t\t\t\t\t\t     M\u00e1s fotos\n \n\t\t\t\t\t\t\t\t    \n\t\t\t\t\t\t\t\t    \n\t\t\t\t\t\t\t\t <\/span>\n\t\t\t\t\t\t\t\t<span class=\"load-dots\">\n\t\t\t\t\t\t\t\t\t<em><\/em>\n\t\t\t\t\t\t\t\t<\/span>\n\t\t\t\t\t\t\t<\/a>\n\t\t\t\t\t\t<\/div>\n\t\t\t\t\t\t\t\t\t<\/div>\n\t\t\t[\/vc_column][\/vc_row]<\/p>\n<\/section>","protected":false},"excerpt":{"rendered":"<p>[vc_row][vc_column][\/vc_column][\/vc_row]<\/p>\n","protected":false},"author":1,"featured_media":0,"parent":0,"menu_order":0,"comment_status":"closed","ping_status":"closed","template":"","meta":{"footnotes":""},"class_list":["post-37795","page","type-page","status-publish","hentry"],"acf":[],"yoast_head":"<!-- This site is optimized with the Yoast SEO Premium plugin v20.3 (Yoast SEO v27.2) - https:\/\/yoast.com\/product\/yoast-seo-premium-wordpress\/ -->\n<title>Hotel Paris Gambetta - Descubra nuestra galer\u00eda de fotos<\/title>\n<meta name=\"description\" content=\"El Hotel Paris Gambetta fue completamente renovado en 2021, y est\u00e1 recomendado por la Guide du Routard y la Gu\u00eda Michelin.\" \/>\n<meta name=\"robots\" content=\"index, follow, max-snippet:-1, max-image-preview:large, max-video-preview:-1\" \/>\n<link rel=\"canonical\" href=\"https:\/\/www.hotelparisgambetta.com\/galerie\/\" \/>\n<meta property=\"og:locale\" content=\"es_ES\" \/>\n<meta property=\"og:type\" content=\"article\" \/>\n<meta property=\"og:title\" content=\"Galer\u00eda\" \/>\n<meta property=\"og:description\" content=\"El Hotel Paris Gambetta fue completamente renovado en 2021, y est\u00e1 recomendado por la Guide du Routard y la Gu\u00eda Michelin.\" \/>\n<meta property=\"og:url\" content=\"https:\/\/www.hotelparisgambetta.com\/galerie\/\" \/>\n<meta property=\"og:site_name\" content=\"HOTEL PARIS GAMBETTA\" \/>\n<meta property=\"article:publisher\" content=\"https:\/\/www.facebook.com\/hotelparisgambetta\/\" \/>\n<meta property=\"article:modified_time\" content=\"2023-04-07T22:51:43+00:00\" \/>\n<meta name=\"twitter:card\" content=\"summary_large_image\" \/>\n<meta name=\"twitter:label1\" content=\"Tiempo de lectura\" \/>\n\t<meta name=\"twitter:data1\" content=\"1 minuto\" \/>\n<script type=\"application\/ld+json\" class=\"yoast-schema-graph\">{\"@context\":\"https:\/\/schema.org\",\"@graph\":[{\"@type\":\"WebPage\",\"@id\":\"https:\/\/www.hotelparisgambetta.com\/galerie\/\",\"url\":\"https:\/\/www.hotelparisgambetta.com\/galerie\/\",\"name\":\"Hotel Paris Gambetta - Descubra nuestra galer\u00eda de fotos\",\"isPartOf\":{\"@id\":\"https:\/\/www.hotelparisgambetta.com\/en\/#website\"},\"datePublished\":\"2020-07-02T04:12:28+00:00\",\"dateModified\":\"2023-04-07T22:51:43+00:00\",\"description\":\"El Hotel Paris Gambetta fue completamente renovado en 2021, y est\u00e1 recomendado por la Guide du Routard y la Gu\u00eda Michelin.\",\"breadcrumb\":{\"@id\":\"https:\/\/www.hotelparisgambetta.com\/galerie\/#breadcrumb\"},\"inLanguage\":\"es\",\"potentialAction\":[{\"@type\":\"ReadAction\",\"target\":[\"https:\/\/www.hotelparisgambetta.com\/galerie\/\"]}]},{\"@type\":\"BreadcrumbList\",\"@id\":\"https:\/\/www.hotelparisgambetta.com\/galerie\/#breadcrumb\",\"itemListElement\":[{\"@type\":\"ListItem\",\"position\":1,\"name\":\"Accueil\",\"item\":\"https:\/\/www.hotelparisgambetta.com\/es\/\"},{\"@type\":\"ListItem\",\"position\":2,\"name\":\"Galer\u00eda\"}]},{\"@type\":\"WebSite\",\"@id\":\"https:\/\/www.hotelparisgambetta.com\/en\/#website\",\"url\":\"https:\/\/www.hotelparisgambetta.com\/en\/\",\"name\":\"HOTEL PARIS GAMBETTA\",\"description\":\"Sentez-vous comme \u00e0 la maison\",\"publisher\":{\"@id\":\"https:\/\/www.hotelparisgambetta.com\/en\/#organization\"},\"potentialAction\":[{\"@type\":\"SearchAction\",\"target\":{\"@type\":\"EntryPoint\",\"urlTemplate\":\"https:\/\/www.hotelparisgambetta.com\/en\/?s={search_term_string}\"},\"query-input\":{\"@type\":\"PropertyValueSpecification\",\"valueRequired\":true,\"valueName\":\"search_term_string\"}}],\"inLanguage\":\"es\"},{\"@type\":\"Organization\",\"@id\":\"https:\/\/www.hotelparisgambetta.com\/en\/#organization\",\"name\":\"HOTEL PARIS GAMBETTA\",\"url\":\"https:\/\/www.hotelparisgambetta.com\/en\/\",\"logo\":{\"@type\":\"ImageObject\",\"inLanguage\":\"es\",\"@id\":\"https:\/\/www.hotelparisgambetta.com\/en\/#\/schema\/logo\/image\/\",\"url\":\"https:\/\/www.hotelparisgambetta.com\/wp-content\/uploads\/2023\/01\/logo-hote-paris.png\",\"contentUrl\":\"https:\/\/www.hotelparisgambetta.com\/wp-content\/uploads\/2023\/01\/logo-hote-paris.png\",\"width\":371,\"height\":57,\"caption\":\"HOTEL PARIS GAMBETTA\"},\"image\":{\"@id\":\"https:\/\/www.hotelparisgambetta.com\/en\/#\/schema\/logo\/image\/\"},\"sameAs\":[\"https:\/\/www.facebook.com\/hotelparisgambetta\/\",\"https:\/\/www.instagram.com\/hotelparisgambetta\/\"]}]}<\/script>\n<!-- \/ Yoast SEO Premium plugin. -->","yoast_head_json":{"title":"Hotel Paris Gambetta - Descubra nuestra galer\u00eda de fotos","description":"El Hotel Paris Gambetta fue completamente renovado en 2021, y est\u00e1 recomendado por la Guide du Routard y la Gu\u00eda Michelin.","robots":{"index":"index","follow":"follow","max-snippet":"max-snippet:-1","max-image-preview":"max-image-preview:large","max-video-preview":"max-video-preview:-1"},"canonical":"https:\/\/www.hotelparisgambetta.com\/galerie\/","og_locale":"es_ES","og_type":"article","og_title":"Galer\u00eda","og_description":"El Hotel Paris Gambetta fue completamente renovado en 2021, y est\u00e1 recomendado por la Guide du Routard y la Gu\u00eda Michelin.","og_url":"https:\/\/www.hotelparisgambetta.com\/galerie\/","og_site_name":"HOTEL PARIS GAMBETTA","article_publisher":"https:\/\/www.facebook.com\/hotelparisgambetta\/","article_modified_time":"2023-04-07T22:51:43+00:00","twitter_card":"summary_large_image","twitter_misc":{"Tiempo de lectura":"1 minuto"},"schema":{"@context":"https:\/\/schema.org","@graph":[{"@type":"WebPage","@id":"https:\/\/www.hotelparisgambetta.com\/galerie\/","url":"https:\/\/www.hotelparisgambetta.com\/galerie\/","name":"Hotel Paris Gambetta - Descubra nuestra galer\u00eda de fotos","isPartOf":{"@id":"https:\/\/www.hotelparisgambetta.com\/en\/#website"},"datePublished":"2020-07-02T04:12:28+00:00","dateModified":"2023-04-07T22:51:43+00:00","description":"El Hotel Paris Gambetta fue completamente renovado en 2021, y est\u00e1 recomendado por la Guide du Routard y la Gu\u00eda Michelin.","breadcrumb":{"@id":"https:\/\/www.hotelparisgambetta.com\/galerie\/#breadcrumb"},"inLanguage":"es","potentialAction":[{"@type":"ReadAction","target":["https:\/\/www.hotelparisgambetta.com\/galerie\/"]}]},{"@type":"BreadcrumbList","@id":"https:\/\/www.hotelparisgambetta.com\/galerie\/#breadcrumb","itemListElement":[{"@type":"ListItem","position":1,"name":"Accueil","item":"https:\/\/www.hotelparisgambetta.com\/es\/"},{"@type":"ListItem","position":2,"name":"Galer\u00eda"}]},{"@type":"WebSite","@id":"https:\/\/www.hotelparisgambetta.com\/en\/#website","url":"https:\/\/www.hotelparisgambetta.com\/en\/","name":"HOTEL PARIS GAMBETTA","description":"Sentez-vous comme \u00e0 la maison","publisher":{"@id":"https:\/\/www.hotelparisgambetta.com\/en\/#organization"},"potentialAction":[{"@type":"SearchAction","target":{"@type":"EntryPoint","urlTemplate":"https:\/\/www.hotelparisgambetta.com\/en\/?s={search_term_string}"},"query-input":{"@type":"PropertyValueSpecification","valueRequired":true,"valueName":"search_term_string"}}],"inLanguage":"es"},{"@type":"Organization","@id":"https:\/\/www.hotelparisgambetta.com\/en\/#organization","name":"HOTEL PARIS GAMBETTA","url":"https:\/\/www.hotelparisgambetta.com\/en\/","logo":{"@type":"ImageObject","inLanguage":"es","@id":"https:\/\/www.hotelparisgambetta.com\/en\/#\/schema\/logo\/image\/","url":"https:\/\/www.hotelparisgambetta.com\/wp-content\/uploads\/2023\/01\/logo-hote-paris.png","contentUrl":"https:\/\/www.hotelparisgambetta.com\/wp-content\/uploads\/2023\/01\/logo-hote-paris.png","width":371,"height":57,"caption":"HOTEL PARIS GAMBETTA"},"image":{"@id":"https:\/\/www.hotelparisgambetta.com\/en\/#\/schema\/logo\/image\/"},"sameAs":["https:\/\/www.facebook.com\/hotelparisgambetta\/","https:\/\/www.instagram.com\/hotelparisgambetta\/"]}]}},"_links":{"self":[{"href":"https:\/\/www.hotelparisgambetta.com\/es\/wp-json\/wp\/v2\/pages\/37795","targetHints":{"allow":["GET"]}}],"collection":[{"href":"https:\/\/www.hotelparisgambetta.com\/es\/wp-json\/wp\/v2\/pages"}],"about":[{"href":"https:\/\/www.hotelparisgambetta.com\/es\/wp-json\/wp\/v2\/types\/page"}],"author":[{"embeddable":true,"href":"https:\/\/www.hotelparisgambetta.com\/es\/wp-json\/wp\/v2\/users\/1"}],"replies":[{"embeddable":true,"href":"https:\/\/www.hotelparisgambetta.com\/es\/wp-json\/wp\/v2\/comments?post=37795"}],"version-history":[{"count":2,"href":"https:\/\/www.hotelparisgambetta.com\/es\/wp-json\/wp\/v2\/pages\/37795\/revisions"}],"predecessor-version":[{"id":38029,"href":"https:\/\/www.hotelparisgambetta.com\/es\/wp-json\/wp\/v2\/pages\/37795\/revisions\/38029"}],"wp:attachment":[{"href":"https:\/\/www.hotelparisgambetta.com\/es\/wp-json\/wp\/v2\/media?parent=37795"}],"curies":[{"name":"wp","href":"https:\/\/api.w.org\/{rel}","templated":true}]}}